{"id":11620,"date":"2024-03-19T10:12:31","date_gmt":"2024-03-19T09:12:31","guid":{"rendered":"https:\/\/dreamole.es\/?page_id=11620"},"modified":"2025-03-14T10:21:27","modified_gmt":"2025-03-14T09:21:27","slug":"our-sponsors-2024-custom","status":"publish","type":"page","link":"https:\/\/dreamole.es\/es\/our-sponsors-2024-custom\/","title":{"rendered":"Our Sponsors 2024"},"content":{"rendered":"\n<p class=\"has-text-align-center has-x-large-font-size\">Meet Our Sponsors<\/p>\n\n\n\n<style content-type=\"text\/css\">\n.partner-container {\n  width: 100%;\n  text-align: center;\n}\n\n.tier-title {\n  text-transform: capitalize;\n  margin: 20px 0;\n}\n\n.tier .partners {\n  display: flex;\n  flex-wrap: wrap;\n  justify-content: center;\n}\n\n.partner-box {\n  border-top: 3px solid rgb(71, 48, 214);\n  display: flex;\n  align-items: center;\n  justify-content: center;\n  margin: 15px;\n  flex-basis: calc(33.333% - 30px); \/* Ajuste para 3 logos por fila. *\/\n  max-width: calc(33.333% - 30px); \/* Ajuste para 3 logos por fila. *\/\n}\n\n\/* Diamond *\/\n.diamond .partner-box {\n  flex-basis: calc(35% - 30px);\n  max-width: calc(35% - 30px);\n}\n\n\/* Platinum *\/\n.platinum .partner-box {\n  flex-basis: calc(25% - 30px);\n  max-width: calc(25% - 30px);\n}\n\n\/* Gold *\/\n.gold .partner-box {\n  flex-basis: calc(18% - 30px);\n  max-width: calc(18% - 30px);\n}\n\/* Speaker Dinner *\/\n.speaker-dinner .partner-box {\n  flex-basis: calc(15% - 30px);\n  max-width: calc(15% - 30px);\n}\n\/* Coffee & Water *\/\n.coffee-water .partner-box {\n  flex-basis: calc(15% - 30px);\n  max-width: calc(15% - 30px);\n}\n\n.partner-box img {\n  vertical-align: middle;\n  max-width: 100%;\n  max-height: 80px; \/* Tama\u00f1o por defecto, ajustable seg\u00fan el tier *\/\n  padding: 10px 0; \/* Espaciado vertical para centrar los logos *\/\n}\n\n\/* Tama\u00f1os espec\u00edficos para diferentes tiers *\/\n#mckinsey img {\n  max-height: 150px; \/* Diamond size *\/\n}\n\n\/* Platinum size *\/\n#k2 img, #omega_crm img, #seidor img {\n  max-height: 120px ;\n}\n\n#omega_crm img {\nmax-width: 80%;\n}\n#moa img {\n  max-width: 80%;\n}\n\n\/* Gold size *\/\n#redk img, #moa img {\n  max-height: 100px;\n}\n\n\/* Speaker Dinner size *\/\n#vanguard img {\n  max-height: 80px;\n}\n\n\n@media (max-width: 768px) {\n\n  .partner-box {\n    \/* Ancho completo para cada caja de patrocinador en dispositivos medianos, \n       por ejemplo tablets, hace que cada logo aparezca en su propia fila *\/\n    flex-basis: 100% !important;\n    max-width: 100%;\n  }\n\n  .partner-box img {\n    \/* Ajuste la altura m\u00e1xima de las im\u00e1genes para dispositivos medianos si es necesario *\/\n    max-height: 60px;\n  }\n  .partners {\n    flex-wrap: wrap;\n  } \n}\n\n@media (max-width: 480px) {\n  .tier .partners {\n    \/* Ajuste en dispositivos peque\u00f1os para que los logos aparezcan uno debajo de otro *\/\n    display: unset;\n    flex-wrap: wrap;\n  }\n  \/* Actualizaci\u00f3n importante para dispositivos peque\u00f1os para evitar la superposici\u00f3n *\/\n  .partner-box {\n    \/* Ancho completo para cada caja de patrocinador en dispositivos peque\u00f1os, \n       por ejemplo tel\u00e9fonos m\u00f3viles, asegura que cada logo aparezca en su propia fila *\/\n    flex-basis: 100% !important; \n    max-width: 100%;\n    margin: 15px auto; \/* Centra la caja de patrocinador y a\u00f1ade margen vertical *\/\n  }\n\n  .partner-box img {\n    \/* Esto asegura que los logos mantengan una proporci\u00f3n uniforme y que no se superpongan *\/\n    max-width: 90%; \/* Ajusta el ancho para dar espacio en los lados *\/\n    max-height: auto; \/* Permite que la altura se ajuste proporcionalmente *\/\n    padding: 5px 0; \/* Reduce el padding vertical para dispositivos peque\u00f1os si es necesario *\/\n  }\n  .partners {\n    flex-wrap: wrap;\n  }\n\n  \/* Platinum *\/\n.platinum .partner-box {\n  flex-basis: calc(30% - 30px);\n  max-width: calc(30% - 30px);\n}\n\n\/* Gold *\/\n.gold .partner-box {\n  flex-basis: calc(25% - 30px);\n  max-width: calc(25% - 30px);\n}\n\/* Speaker Dinner *\/\n.speaker-dinner .partner-box {\n  flex-basis: calc(20% - 30px);\n  max-width: calc(20% - 30px);\n}\n\/* Coffee & Water *\/\n.coffee-water .partner-box {\n  flex-basis: calc(20% - 30px);\n  max-width: calc(20% - 30px);\n}\n\n}\n<\/style>\n\n\n\n<div class=\"partner-container\">\n  <!-- Diamond Tier -->\n  <div class=\"tier diamond\">\n    <h2 class=\"tier-title\">Diamond<\/h2>\n    <div class=\"partners\">\n      <div class=\"partner-box\" id=\"mckinsey\">\n        <a href=\"https:\/\/www.mckinsey.com\/es\/overview\" target=\"_blank\" rel=\"noopener\">\n          <img decoding=\"async\" src=\"https:\/\/dreamole.es\/wp-content\/uploads\/2024\/03\/McK_Logo_RGB_DeepBlue.png\" alt=\"McKinsey Logo\">\n        <\/a>\n      <\/div>\n    <\/div>\n  <\/div>\n\n  <!-- Platinum Tier -->\n  <div class=\"tier platinum\">\n    <h2 class=\"tier-title\">Platinum<\/h2>\n    <div class=\"partners\">\n      <div class=\"partner-box\" id=\"k2\">\n        <a href=\"https:\/\/k2partnering.com\/\" target=\"_blank\" rel=\"noopener\">\n          <img decoding=\"async\" src=\"https:\/\/dreamole.es\/wp-content\/uploads\/2024\/03\/2024_k2.png\" alt=\"K2 Logo\">\n        <\/a>\n      <\/div>\n      <div class=\"partner-box\" id=\"omega_crm\">\n        <a href=\"https:\/\/omegacrmconsulting.com\/en\/\" target=\"_blank\" rel=\"noopener\">\n          <img decoding=\"async\" src=\"https:\/\/dreamole.es\/wp-content\/uploads\/2024\/03\/2024_Omega.png\" alt=\"Omega CRM Logo\">\n        <\/a>\n      <\/div>\n      <div class=\"partner-box\" id=\"seidor\">\n        <a href=\"https:\/\/www.seidor.com\/\" target=\"_blank\" rel=\"noopener\">\n          <img decoding=\"async\" src=\"https:\/\/dreamole.es\/wp-content\/uploads\/2024\/03\/2024_Seidor.png\" alt=\"Seidor Logo\">\n        <\/a>\n      <\/div>\n    <\/div>\n  <\/div>\n\n  <!-- Gold Tier -->\n  <div class=\"tier gold\">\n    <h2 class=\"tier-title\">Gold<\/h2>\n    <div class=\"partners\">\n      <div class=\"partner-box\" id=\"redk\">\n        <a href=\"https:\/\/www.redk.net\/\" target=\"_blank\" rel=\"noopener\">\n          <img decoding=\"async\" src=\"https:\/\/dreamole.es\/wp-content\/uploads\/2024\/03\/2024_redk.png\" alt=\"redk Logo\">\n        <\/a>\n      <\/div>\n      <div class=\"partner-box\" id=\"moa\">\n        <a href=\"https:\/\/www.marketingonline.academy\/\" target=\"_blank\" rel=\"noopener\">\n          <img decoding=\"async\" src=\"https:\/\/dreamole.es\/wp-content\/uploads\/2024\/03\/2024-MOA.png\" alt=\"moa Logo\">\n        <\/a>\n      <\/div>\n    <\/div>\n  <\/div>\n\n  <!-- Silver Tier -->\n  <div class=\"tier silver\">\n    <h2 class=\"tier-title\">Silver<\/h2>\n    <div class=\"partners\">\n      <div class=\"partner-box\" id=\"horizon\">\n        <a href=\"https:\/\/www.wearevanguard.eu\/\" target=\"_blank\" rel=\"noopener\">\n          <img decoding=\"async\" src=\"https:\/\/dreamole.es\/wp-content\/uploads\/2024\/04\/LOGO_EVOLF.png\" alt=\"Vanguard Logo\">\n        <\/a>\n      <\/div>\n    <\/div>\n  <\/div>\n\n  <!-- Speaker Dinner Tier -->\n  <div class=\"tier speaker-dinner\">\n    <h2 class=\"tier-title\">Speaker dinner<\/h2>\n    <div class=\"partners\">\n      <div class=\"partner-box\" id=\"vanguard\">\n        <a href=\"https:\/\/www.wearevanguard.eu\/\" target=\"_blank\" rel=\"noopener\">\n          <img decoding=\"async\" src=\"https:\/\/dreamole.es\/wp-content\/uploads\/2024\/04\/LOGO_EVOLF.png\" alt=\"Vanguard Logo\">\n        <\/a>\n      <\/div>\n    <\/div>\n  <\/div>\n<\/div>\n","protected":false},"excerpt":{"rendered":"<p>Meet Our Sponsors Diamond Platinum Gold Silver Speaker dinner<\/p>\n","protected":false},"author":14,"featured_media":0,"parent":0,"menu_order":0,"comment_status":"closed","ping_status":"closed","template":"","meta":{"neve_meta_sidebar":"","neve_meta_container":"","neve_meta_enable_content_width":"","neve_meta_content_width":0,"neve_meta_title_alignment":"","neve_meta_author_avatar":"","neve_post_elements_order":"","neve_meta_disable_header":"","neve_meta_disable_footer":"","neve_meta_disable_title":"","jetpack_post_was_ever_published":false,"footnotes":""},"class_list":["post-11620","page","type-page","status-publish","hentry"],"translation":{"provider":"WPGlobus","version":"3.0.1","language":"es","enabled_languages":["gb","en","es"],"languages":{"gb":{"title":true,"content":true,"excerpt":false},"en":{"title":false,"content":false,"excerpt":false},"es":{"title":false,"content":false,"excerpt":false}}},"jetpack_sharing_enabled":true,"jetpack_shortlink":"https:\/\/wp.me\/P9EMFV-31q","_links":{"self":[{"href":"https:\/\/dreamole.es\/es\/wp-json\/wp\/v2\/pages\/11620","targetHints":{"allow":["GET"]}}],"collection":[{"href":"https:\/\/dreamole.es\/es\/wp-json\/wp\/v2\/pages"}],"about":[{"href":"https:\/\/dreamole.es\/es\/wp-json\/wp\/v2\/types\/page"}],"author":[{"embeddable":true,"href":"https:\/\/dreamole.es\/es\/wp-json\/wp\/v2\/users\/14"}],"replies":[{"embeddable":true,"href":"https:\/\/dreamole.es\/es\/wp-json\/wp\/v2\/comments?post=11620"}],"version-history":[{"count":108,"href":"https:\/\/dreamole.es\/es\/wp-json\/wp\/v2\/pages\/11620\/revisions"}],"predecessor-version":[{"id":11991,"href":"https:\/\/dreamole.es\/es\/wp-json\/wp\/v2\/pages\/11620\/revisions\/11991"}],"wp:attachment":[{"href":"https:\/\/dreamole.es\/es\/wp-json\/wp\/v2\/media?parent=11620"}],"curies":[{"name":"wp","href":"https:\/\/api.w.org\/{rel}","templated":true}]}}